{"id":97,"date":"2022-12-09T10:50:29","date_gmt":"2022-12-09T09:50:29","guid":{"rendered":"https:\/\/ivotech.gmbh\/?page_id=97"},"modified":"2022-12-09T10:50:29","modified_gmt":"2022-12-09T09:50:29","slug":"montage-2","status":"publish","type":"page","link":"https:\/\/ivotech.gmbh\/?page_id=97","title":{"rendered":"Montage"},"content":{"rendered":"\n<p>F\u00fcr den Aufbau, Wartung und Reparaturen haben wir mehrere Montagetrupps mit denen Sie direkt in Verbindung stehen. So k\u00f6nnen wir auf kurzem Weg stets handeln und Ihre Anlagenverf\u00fcgbarkeit gew\u00e4hrleisten.<\/p>\n","protected":false},"excerpt":{"rendered":"<p>F\u00fcr den Aufbau, Wartung und Reparaturen haben wir mehrere Montagetrupps mit denen Sie direkt in Verbindung stehen. So k\u00f6nnen wir auf kurzem Weg stets handeln und Ihre Anlagenverf\u00fcgbarkeit gew\u00e4hrleisten.<\/p>\n","protected":false},"author":1,"featured_media":0,"parent":0,"menu_order":0,"comment_status":"closed","ping_status":"closed","template":"","meta":{"saved_in_kubio":false},"kubio_ai_page_context":{"short_desc":"","purpose":"general"},"_links":{"self":[{"href":"https:\/\/ivotech.gmbh\/index.php?rest_route=\/wp\/v2\/pages\/97"}],"collection":[{"href":"https:\/\/ivotech.gmbh\/index.php?rest_route=\/wp\/v2\/pages"}],"about":[{"href":"https:\/\/ivotech.gmbh\/index.php?rest_route=\/wp\/v2\/types\/page"}],"author":[{"embeddable":true,"href":"https:\/\/ivotech.gmbh\/index.php?rest_route=\/wp\/v2\/users\/1"}],"replies":[{"embeddable":true,"href":"https:\/\/ivotech.gmbh\/index.php?rest_route=%2Fwp%2Fv2%2Fcomments&post=97"}],"version-history":[{"count":1,"href":"https:\/\/ivotech.gmbh\/index.php?rest_route=\/wp\/v2\/pages\/97\/revisions"}],"predecessor-version":[{"id":98,"href":"https:\/\/ivotech.gmbh\/index.php?rest_route=\/wp\/v2\/pages\/97\/revisions\/98"}],"wp:attachment":[{"href":"https:\/\/ivotech.gmbh\/index.php?rest_route=%2Fwp%2Fv2%2Fmedia&parent=97"}],"curies":[{"name":"wp","href":"https:\/\/api.w.org\/{rel}","templated":true}]}}