{"id":93,"date":"2022-12-09T10:49:41","date_gmt":"2022-12-09T09:49:41","guid":{"rendered":"https:\/\/ivotech.gmbh\/?page_id=93"},"modified":"2022-12-09T10:49:41","modified_gmt":"2022-12-09T09:49:41","slug":"visualisierung-scada-hmi","status":"publish","type":"page","link":"https:\/\/ivotech.gmbh\/?page_id=93","title":{"rendered":"Visualisierung \/ SCADA \/ HMI"},"content":{"rendered":"\n<p>Die Visualisierung als perfektes Zusammenspiel zwischen Mensch und Maschine. Durch die Komplexit\u00e4t der geforderten Prozesse ist eine ausgereifte Steuerung unabdingbar. Damit die oft komplizierten Schritte \u00fcberwacht und gesteuert werden k\u00f6nnen, muss ein Anlagenfahrer stets den \u00dcberblick behalten. Durch unsere professionelle und vor allem selbsterkl\u00e4rende Visualisierung haben selbst ungelernte Kr\u00e4fte die M\u00f6glichkeit, die oft sehr komplexen Anlagen zu steuern und St\u00f6rungen sofort zu analysieren. Dies ist ein gro\u00dfer Fortschritt f\u00fcr die Anlagenverf\u00fcgbarkeit und den reibungslosen Ablauf.<\/p>\n","protected":false},"excerpt":{"rendered":"<p>Die Visualisierung als perfektes Zusammenspiel zwischen Mensch und Maschine. Durch die Komplexit\u00e4t der geforderten Prozesse ist eine ausgereifte Steuerung unabdingbar. Damit die oft komplizierten Schritte \u00fcberwacht und gesteuert werden k\u00f6nnen, muss ein Anlagenfahrer stets den \u00dcberblick behalten. Durch unsere professionelle und vor allem selbsterkl\u00e4rende Visualisierung haben selbst ungelernte Kr\u00e4fte die M\u00f6glichkeit, die oft sehr komplexen [&hellip;]<\/p>\n","protected":false},"author":1,"featured_media":0,"parent":0,"menu_order":0,"comment_status":"closed","ping_status":"closed","template":"","meta":{"saved_in_kubio":false},"kubio_ai_page_context":{"short_desc":"","purpose":"general"},"_links":{"self":[{"href":"https:\/\/ivotech.gmbh\/index.php?rest_route=\/wp\/v2\/pages\/93"}],"collection":[{"href":"https:\/\/ivotech.gmbh\/index.php?rest_route=\/wp\/v2\/pages"}],"about":[{"href":"https:\/\/ivotech.gmbh\/index.php?rest_route=\/wp\/v2\/types\/page"}],"author":[{"embeddable":true,"href":"https:\/\/ivotech.gmbh\/index.php?rest_route=\/wp\/v2\/users\/1"}],"replies":[{"embeddable":true,"href":"https:\/\/ivotech.gmbh\/index.php?rest_route=%2Fwp%2Fv2%2Fcomments&post=93"}],"version-history":[{"count":1,"href":"https:\/\/ivotech.gmbh\/index.php?rest_route=\/wp\/v2\/pages\/93\/revisions"}],"predecessor-version":[{"id":94,"href":"https:\/\/ivotech.gmbh\/index.php?rest_route=\/wp\/v2\/pages\/93\/revisions\/94"}],"wp:attachment":[{"href":"https:\/\/ivotech.gmbh\/index.php?rest_route=%2Fwp%2Fv2%2Fmedia&parent=93"}],"curies":[{"name":"wp","href":"https:\/\/api.w.org\/{rel}","templated":true}]}}