{"id":91,"date":"2022-12-09T10:48:51","date_gmt":"2022-12-09T09:48:51","guid":{"rendered":"https:\/\/ivotech.gmbh\/?page_id=91"},"modified":"2022-12-09T10:48:51","modified_gmt":"2022-12-09T09:48:51","slug":"gebaeudeengeneering","status":"publish","type":"page","link":"https:\/\/ivotech.gmbh\/?page_id=91","title":{"rendered":"Geb\u00e4udeengeneering"},"content":{"rendered":"\n<p>Alles aus einer Hand bringt den Erfolg f\u00fcr das perfekte Zusammenspiel! So ist das Geb\u00e4ude ein wichtiger Teil f\u00fcr den kompletten Ablauf eines erfolgreichen Betriebs. Unsere Planer entwickeln Konzepte bis zu ausgereiften Detailpl\u00e4nen. Von der ersten Idee bis zur letzten Schraube, alles aus einer Hand.<\/p>\n\n\n\n<ul>\n<li>Bauantr\u00e4ge<\/li>\n\n\n\n<li>Bimsch-Genehmigungen<\/li>\n\n\n\n<li>Ausf\u00fchrungszeichnungen<\/li>\n\n\n\n<li>Metallbau<\/li>\n\n\n\n<li>Betonbau<\/li>\n<\/ul>\n\n\n\n<p><\/p>\n\n\n\n<p>Von Tief- bis Hochbau ein perfektes Konzept<\/p>\n","protected":false},"excerpt":{"rendered":"<p>Alles aus einer Hand bringt den Erfolg f\u00fcr das perfekte Zusammenspiel! So ist das Geb\u00e4ude ein wichtiger Teil f\u00fcr den kompletten Ablauf eines erfolgreichen Betriebs. Unsere Planer entwickeln Konzepte bis zu ausgereiften Detailpl\u00e4nen. Von der ersten Idee bis zur letzten Schraube, alles aus einer Hand. Von Tief- bis Hochbau ein perfektes Konzept<\/p>\n","protected":false},"author":1,"featured_media":0,"parent":0,"menu_order":0,"comment_status":"closed","ping_status":"closed","template":"","meta":{"saved_in_kubio":false},"kubio_ai_page_context":{"short_desc":"","purpose":"general"},"_links":{"self":[{"href":"https:\/\/ivotech.gmbh\/index.php?rest_route=\/wp\/v2\/pages\/91"}],"collection":[{"href":"https:\/\/ivotech.gmbh\/index.php?rest_route=\/wp\/v2\/pages"}],"about":[{"href":"https:\/\/ivotech.gmbh\/index.php?rest_route=\/wp\/v2\/types\/page"}],"author":[{"embeddable":true,"href":"https:\/\/ivotech.gmbh\/index.php?rest_route=\/wp\/v2\/users\/1"}],"replies":[{"embeddable":true,"href":"https:\/\/ivotech.gmbh\/index.php?rest_route=%2Fwp%2Fv2%2Fcomments&post=91"}],"version-history":[{"count":1,"href":"https:\/\/ivotech.gmbh\/index.php?rest_route=\/wp\/v2\/pages\/91\/revisions"}],"predecessor-version":[{"id":92,"href":"https:\/\/ivotech.gmbh\/index.php?rest_route=\/wp\/v2\/pages\/91\/revisions\/92"}],"wp:attachment":[{"href":"https:\/\/ivotech.gmbh\/index.php?rest_route=%2Fwp%2Fv2%2Fmedia&parent=91"}],"curies":[{"name":"wp","href":"https:\/\/api.w.org\/{rel}","templated":true}]}}