{"id":87,"date":"2022-12-09T10:47:25","date_gmt":"2022-12-09T09:47:25","guid":{"rendered":"https:\/\/ivotech.gmbh\/?page_id=87"},"modified":"2022-12-09T10:47:25","modified_gmt":"2022-12-09T09:47:25","slug":"umwelttechnik","status":"publish","type":"page","link":"https:\/\/ivotech.gmbh\/?page_id=87","title":{"rendered":"Umwelttechnik"},"content":{"rendered":"\n<h4 class=\"wp-block-heading\">Abwasserbehandlung \/ Abwasserreinigung<\/h4>\n\n\n\n<p>Der Schutz und Erhalt unseres Planeten ist oberstes Gebot. Wir sorgen mit unseren Abwasserbehandlungsanlagen f\u00fcr saubere Gew\u00e4sser und <strong>Nachhaltigkeit<\/strong>.<br>Bei Industrieanlagen mit leicht oder stark verschmutzten Abw\u00e4ssern, sind wir die <strong>Spezialisten<\/strong> f\u00fcr das Wiederaufbereiten des Wassers f\u00fcr Indirekteinleiter als auch f\u00fcr Direkteinleiter.<br>Mit unserem ausgekl\u00fcgelten Abwasserprozess geh\u00f6ren Probleme wie zum Beispiel <strong>Schwermetalle<\/strong> und <strong>CSB-Werte<\/strong> der Vergangenheit an.<br>Die Abwasserbehandlung findet rein \u00fcberirdisch, sowie in geschlossenen Kreisl\u00e4ufen, statt. Damit Service und Wartung problemlos realisiert werden k\u00f6nnen. Durch den systematischen und redundanten Aufbau sorgen wir f\u00fcr eine <strong>hohe Anlagenverf\u00fcgbarkeit<\/strong>.<\/p>\n","protected":false},"excerpt":{"rendered":"<p>Abwasserbehandlung \/ Abwasserreinigung Der Schutz und Erhalt unseres Planeten ist oberstes Gebot. Wir sorgen mit unseren Abwasserbehandlungsanlagen f\u00fcr saubere Gew\u00e4sser und Nachhaltigkeit.Bei Industrieanlagen mit leicht oder stark verschmutzten Abw\u00e4ssern, sind wir die Spezialisten f\u00fcr das Wiederaufbereiten des Wassers f\u00fcr Indirekteinleiter als auch f\u00fcr Direkteinleiter.Mit unserem ausgekl\u00fcgelten Abwasserprozess geh\u00f6ren Probleme wie zum Beispiel Schwermetalle und CSB-Werte [&hellip;]<\/p>\n","protected":false},"author":1,"featured_media":0,"parent":0,"menu_order":0,"comment_status":"closed","ping_status":"closed","template":"","meta":{"saved_in_kubio":false},"kubio_ai_page_context":{"short_desc":"","purpose":"general"},"_links":{"self":[{"href":"https:\/\/ivotech.gmbh\/index.php?rest_route=\/wp\/v2\/pages\/87"}],"collection":[{"href":"https:\/\/ivotech.gmbh\/index.php?rest_route=\/wp\/v2\/pages"}],"about":[{"href":"https:\/\/ivotech.gmbh\/index.php?rest_route=\/wp\/v2\/types\/page"}],"author":[{"embeddable":true,"href":"https:\/\/ivotech.gmbh\/index.php?rest_route=\/wp\/v2\/users\/1"}],"replies":[{"embeddable":true,"href":"https:\/\/ivotech.gmbh\/index.php?rest_route=%2Fwp%2Fv2%2Fcomments&post=87"}],"version-history":[{"count":1,"href":"https:\/\/ivotech.gmbh\/index.php?rest_route=\/wp\/v2\/pages\/87\/revisions"}],"predecessor-version":[{"id":88,"href":"https:\/\/ivotech.gmbh\/index.php?rest_route=\/wp\/v2\/pages\/87\/revisions\/88"}],"wp:attachment":[{"href":"https:\/\/ivotech.gmbh\/index.php?rest_route=%2Fwp%2Fv2%2Fmedia&parent=87"}],"curies":[{"name":"wp","href":"https:\/\/api.w.org\/{rel}","templated":true}]}}