{"id":68,"date":"2022-12-09T10:32:22","date_gmt":"2022-12-09T09:32:22","guid":{"rendered":"https:\/\/ivotech.gmbh\/?page_id=68"},"modified":"2022-12-09T10:32:22","modified_gmt":"2022-12-09T09:32:22","slug":"granulat-abfuellanlagen","status":"publish","type":"page","link":"https:\/\/ivotech.gmbh\/?page_id=68","title":{"rendered":"Granulat-Abf\u00fcllanlagen"},"content":{"rendered":"\n<p>F\u00fcr das kunststofferzeugende Gewerbe in der Petrochemie bauen wir hochpr\u00e4zise Abf\u00fcllsysteme. Das Bef\u00fcllen von LKW&#8217;s auf das Kilogramm genau ist eine Voraussetzung f\u00fcr effektiven Transport. Durch unsere Siloschiebertechnik in Verbindung mit unseren Schnellbeladungswaagen ist es m\u00f6glich in k\u00fcrzester Zeit eine LKW Bef\u00fcllung optimal und vollautomatisiert durchzuf\u00fchren. Abf\u00fcllanlagen mit mehreren hundert Silos sind mittlerweile Standard. Hier ist es wichtig den \u00dcberblick zu behalten. Durch Datenbankanbindungen und der einfach zu bedienenden Visualisierung bekommen wir von unseren Kunden nur positive R\u00fcckmeldungen.<\/p>\n","protected":false},"excerpt":{"rendered":"<p>F\u00fcr das kunststofferzeugende Gewerbe in der Petrochemie bauen wir hochpr\u00e4zise Abf\u00fcllsysteme. Das Bef\u00fcllen von LKW&#8217;s auf das Kilogramm genau ist eine Voraussetzung f\u00fcr effektiven Transport. Durch unsere Siloschiebertechnik in Verbindung mit unseren Schnellbeladungswaagen ist es m\u00f6glich in k\u00fcrzester Zeit eine LKW Bef\u00fcllung optimal und vollautomatisiert durchzuf\u00fchren. Abf\u00fcllanlagen mit mehreren hundert Silos sind mittlerweile Standard. Hier [&hellip;]<\/p>\n","protected":false},"author":1,"featured_media":0,"parent":0,"menu_order":0,"comment_status":"closed","ping_status":"closed","template":"","meta":{"saved_in_kubio":false},"kubio_ai_page_context":{"short_desc":"","purpose":"general"},"_links":{"self":[{"href":"https:\/\/ivotech.gmbh\/index.php?rest_route=\/wp\/v2\/pages\/68"}],"collection":[{"href":"https:\/\/ivotech.gmbh\/index.php?rest_route=\/wp\/v2\/pages"}],"about":[{"href":"https:\/\/ivotech.gmbh\/index.php?rest_route=\/wp\/v2\/types\/page"}],"author":[{"embeddable":true,"href":"https:\/\/ivotech.gmbh\/index.php?rest_route=\/wp\/v2\/users\/1"}],"replies":[{"embeddable":true,"href":"https:\/\/ivotech.gmbh\/index.php?rest_route=%2Fwp%2Fv2%2Fcomments&post=68"}],"version-history":[{"count":1,"href":"https:\/\/ivotech.gmbh\/index.php?rest_route=\/wp\/v2\/pages\/68\/revisions"}],"predecessor-version":[{"id":69,"href":"https:\/\/ivotech.gmbh\/index.php?rest_route=\/wp\/v2\/pages\/68\/revisions\/69"}],"wp:attachment":[{"href":"https:\/\/ivotech.gmbh\/index.php?rest_route=%2Fwp%2Fv2%2Fmedia&parent=68"}],"curies":[{"name":"wp","href":"https:\/\/api.w.org\/{rel}","templated":true}]}}