{"id":101,"date":"2022-12-09T10:51:38","date_gmt":"2022-12-09T09:51:38","guid":{"rendered":"https:\/\/ivotech.gmbh\/?page_id=101"},"modified":"2022-12-09T10:51:38","modified_gmt":"2022-12-09T09:51:38","slug":"retrofit-modernisierung","status":"publish","type":"page","link":"https:\/\/ivotech.gmbh\/?page_id=101","title":{"rendered":"Retrofit \/ Modernisierung"},"content":{"rendered":"\n<p>Oft ist nicht immer gleich der Abriss oder ein Neubau die erfolgreiche L\u00f6sung. Wir analysieren Ihren Bestand und betrachten den kompletten Ablauf. Nach einer ausf\u00fchrlichen Beratung entscheiden Sie. Alle Aspekte werden dabei ber\u00fccksichtigt: Effizienz, Umwelttechnik, Energie, Machbarkeit und auch kaufm\u00e4nnische Gesichtspunkte &#8211; um nur einige zu nennen. Wir bauen Anlagen um und erneuern Ihren Bestand, so dass Sie mit gro\u00dfer Wirtschaftlichkeit in die Zukunft starten k\u00f6nnen.<\/p>\n","protected":false},"excerpt":{"rendered":"<p>Oft ist nicht immer gleich der Abriss oder ein Neubau die erfolgreiche L\u00f6sung. Wir analysieren Ihren Bestand und betrachten den kompletten Ablauf. Nach einer ausf\u00fchrlichen Beratung entscheiden Sie. Alle Aspekte werden dabei ber\u00fccksichtigt: Effizienz, Umwelttechnik, Energie, Machbarkeit und auch kaufm\u00e4nnische Gesichtspunkte &#8211; um nur einige zu nennen. Wir bauen Anlagen um und erneuern Ihren Bestand, [&hellip;]<\/p>\n","protected":false},"author":1,"featured_media":0,"parent":0,"menu_order":0,"comment_status":"closed","ping_status":"closed","template":"","meta":{"saved_in_kubio":false},"kubio_ai_page_context":{"short_desc":"","purpose":"general"},"_links":{"self":[{"href":"https:\/\/ivotech.gmbh\/index.php?rest_route=\/wp\/v2\/pages\/101"}],"collection":[{"href":"https:\/\/ivotech.gmbh\/index.php?rest_route=\/wp\/v2\/pages"}],"about":[{"href":"https:\/\/ivotech.gmbh\/index.php?rest_route=\/wp\/v2\/types\/page"}],"author":[{"embeddable":true,"href":"https:\/\/ivotech.gmbh\/index.php?rest_route=\/wp\/v2\/users\/1"}],"replies":[{"embeddable":true,"href":"https:\/\/ivotech.gmbh\/index.php?rest_route=%2Fwp%2Fv2%2Fcomments&post=101"}],"version-history":[{"count":1,"href":"https:\/\/ivotech.gmbh\/index.php?rest_route=\/wp\/v2\/pages\/101\/revisions"}],"predecessor-version":[{"id":102,"href":"https:\/\/ivotech.gmbh\/index.php?rest_route=\/wp\/v2\/pages\/101\/revisions\/102"}],"wp:attachment":[{"href":"https:\/\/ivotech.gmbh\/index.php?rest_route=%2Fwp%2Fv2%2Fmedia&parent=101"}],"curies":[{"name":"wp","href":"https:\/\/api.w.org\/{rel}","templated":true}]}}